{"id":542,"date":"2024-12-19T12:28:46","date_gmt":"2024-12-19T11:28:46","guid":{"rendered":"https:\/\/helifrusa.com\/politica-de-helifrusa\/"},"modified":"2025-07-27T09:50:34","modified_gmt":"2025-07-27T07:50:34","slug":"politica-de-helifrusa","status":"publish","type":"page","link":"https:\/\/helifrusa.com\/pt\/politica-de-helifrusa\/","title":{"rendered":"POL\u00cdTICA DE SEGURIDAD ALIMENTARIA, CALIDAD Y PREVENCI\u00d3N DE RIESGOS LABORALES"},"content":{"rendered":"<p>La Direcci\u00f3n de HELIFRUSA, S.A. establece la siguiente Pol\u00edtica, que estar\u00e1 disponible y se mantendr\u00e1 como informaci\u00f3n documentada; comunic\u00e1ndose, entendi\u00e9ndose y aplic\u00e1ndose dentro de la organizaci\u00f3n, y estando disponible para las partes interesadas pertinentes:<br \/>\n&#8211;\tFabricar y comercializar caracol congelado, vivo, refrigerado al natural, en caldo o en salsa de alta calidad, capaces de satisfacer las necesidades del mercado m\u00e1s exigente y cumpliendo con los est\u00e1ndares internacionales de seguridad alimentaria y calidad.<br \/>\n&#8211;\tFabricar todos nuestros productos asegurando su seguridad e inocuidad, atendiendo a nuestra responsabilidad \u00e9tica y personal.<br \/>\n&#8211;\tMejora continua de los productos y procesos; garantizando unas condiciones \u00f3ptimas de seguridad y salud tanto del consumidor, como de nuestros trabajadores; fomentando una cultura de inocuidad alimentaria en todos los niveles de la organizaci\u00f3n, demostrando el compromiso de proporcionar alimentos seguros, alentando pr\u00e1cticas adecuadas de inocuidad alimentaria, contribuyendo as\u00ed a mantener la confianza en los alimentos comercializados a nivel nacional e internacional.<br \/>\n&#8211;\tActuar de forma responsable y coherente con el Medio Ambiente, elaborando productos y utilizando materias primas y materias auxiliares cuyos pilares sean calidad, seguridad, legalidad y desarrollo sostenible, as\u00ed como la calidad y legalidad de procesos para dar cumplimiento a las especificaciones de los clientes.<br \/>\n&#8211;\tCumplir con rigurosidad los requisitos aplicables, tanto los relativos a legislaci\u00f3n y normativa de car\u00e1cter europeo, nacional como comunitaria, como aquellos exigidos por nuestros clientes.<br \/>\n&#8211;\tFormar y sensibilizar a todos los miembros de la organizaci\u00f3n en el concepto Halal, elaborar productos Halal y cumplir con las prescripciones establecidas por la entidad de certificaci\u00f3n, as\u00ed como con los requisitos establecidos en todos los est\u00e1ndares y reglamentos de aplicaci\u00f3n para el uso de la marca Halal requeridos por la certificadora contratada.<br \/>\n&#8211;\tInvertir continuamente en nuevas tecnolog\u00edas para mejorar la calidad e inocuidad del producto, disminuir los costes de producci\u00f3n minimizando al mismo tiempo la contaminaci\u00f3n ambiental derivada de nuestras actividades.<br \/>\n&#8211;\tAsegurar en todo momento la trazabilidad de los productos manipulados.<br \/>\n&#8211;\tEn todas nuestras instalaciones se prestar\u00e1, en todo momento, la m\u00e1xima atenci\u00f3n a la limpieza, higiene y seguridad.<br \/>\n&#8211;\tPara la fabricaci\u00f3n de los productos se emplear\u00e1 siempre ingredientes y aditivos autorizados y controlados.<br \/>\n&#8211;\tSatisfacer las necesidades de los clientes, cumpliendo con las especificaciones t\u00e9cnicas, sugerencias y requisitos particulares.<br \/>\n&#8211;\tMejorar y mantener al d\u00eda el Sistema de Integrado de Gesti\u00f3n de la Calidad y Prevenci\u00f3n de Riesgos Laborales, como medio para mejorar de forma sistem\u00e1tica la calidad de todos nuestros procesos.<br \/>\n&#8211;\tInvolucrar a todo el personal de la empresa para la consecuci\u00f3n de los objetivos del Sistema de Gesti\u00f3n.<br \/>\n&#8211;\tMotivaci\u00f3n de toda la plantilla en el d\u00eda a d\u00eda a trav\u00e9s de la formaci\u00f3n continua y la informaci\u00f3n a nuestros trabajadores.<br \/>\n&#8211;\tHelifrusa S.A, procurar\u00e1 mantener las mejores relaciones humanas entre empleados, consumidores, proveedores, clientes y p\u00fablico en general.<br \/>\n&#8211;\tGarantizar que la empresa y sus productos est\u00e1n protegidos en materia de seguridad alimentaria frente a sabotajes y contaminaciones intencionadas en las zonas bajo su control; para ello, el personal de recepci\u00f3n y carga en contacto con el producto, visitantes y proveedores de servicios estar\u00e1n identificados y respetar\u00e1n las normas de acceso y pol\u00edticas facilitadas por la empresa; asimismo, se mantendr\u00e1 implantado un procedimiento para la defensa de los alimentos,  y se mantendr\u00e1 formados a todos los trabajadores de Helifrusa.<br \/>\n&#8211;\tDesarrollar una acci\u00f3n permanente para aumentar los niveles de protecci\u00f3n existentes, y una motivaci\u00f3n de toda la plantilla mediante la implantaci\u00f3n de un \u201cPlan de Prevenci\u00f3n de Riesgos Laborales\u201d.<br \/>\n&#8211;\tImplantaci\u00f3n e integraci\u00f3n de un programa de Prevenci\u00f3n de Riesgos Penales.<br \/>\n&#8211;\tProducir productos seguros y legales, que cumplan con todos los requisitos legales y comerciales.<br \/>\n&#8211;\tConsolidarse como una empresa respetuosa con sus empleados y sus intereses, llevando a cabo pr\u00e1cticas \u00e9ticas adecuadas.<br \/>\n&#8211;\tLa identificaci\u00f3n y compromiso de todos los trabajadores, y en especial de la Direcci\u00f3n de la Empresa, con esta Pol\u00edtica es condici\u00f3n prioritaria para conseguir el \u00e9xito en nuestra gesti\u00f3n.<br \/>\n&#8211;\tEsta pol\u00edtica de Calidad ser\u00e1 revisada por la Direcci\u00f3n de forma peri\u00f3dica con el fin de conseguir una continua adecuaci\u00f3n y mejora continua de los productos y procesos, para el mantenimiento de la Calidad y la inocuidad de los alimentos fabricados.<br \/>\n&#8211;\tTodo el personal de Helifrusa S.A., asume con orgullo el reto de satisfacer la calidad e inocuidad del producto, as\u00ed como el servicio que a posteriori requiera.<br \/>\nLa pol\u00edtica es apropiada al prop\u00f3sito y contexto analizado de HELIFRUSA S.A., apoyando su direcci\u00f3n estrat\u00e9gica; proporciona un marco de referencia para el establecimiento de los objetivos de la calidad, inocuidad y mejora continua del sistema de gesti\u00f3n de la calidad.<\/p>\n","protected":false},"excerpt":{"rendered":"<p>La Direcci\u00f3n de HELIFRUSA, S.A. establece la siguiente Pol\u00edtica, que estar\u00e1 disponible y se mantendr\u00e1 como informaci\u00f3n documentada; comunic\u00e1ndose, entendi\u00e9ndose y aplic\u00e1ndose dentro de la organizaci\u00f3n, y estando disponible para las partes interesadas pertinentes: &#8211; Fabricar y comercializar caracol congelado, vivo, refrigerado al natural, en caldo o en salsa de alta calidad, capaces de satisfacer [&hellip;]<\/p>\n","protected":false},"author":1,"featured_media":0,"parent":0,"menu_order":0,"comment_status":"closed","ping_status":"closed","template":"","meta":{"_acf_changed":false,"footnotes":""},"class_list":["post-542","page","type-page","status-publish","hentry"],"acf":[],"yoast_head":"<!-- This site is optimized with the Yoast SEO plugin v23.4 - https:\/\/yoast.com\/wordpress\/plugins\/seo\/ -->\n<title>POL\u00cdTICA DE SEGURIDAD ALIMENTARIA, CALIDAD Y PREVENCI\u00d3N DE RIESGOS LABORALES - Helifrusa<\/title>\n<meta name=\"robots\" content=\"index, follow, max-snippet:-1, max-image-preview:large, max-video-preview:-1\" \/>\n<link rel=\"canonical\" href=\"https:\/\/helifrusa.com\/pt\/politica-de-helifrusa\/\" \/>\n<meta property=\"og:locale\" content=\"pt_PT\" \/>\n<meta property=\"og:type\" content=\"article\" \/>\n<meta property=\"og:title\" content=\"POL\u00cdTICA DE SEGURIDAD ALIMENTARIA, CALIDAD Y PREVENCI\u00d3N DE RIESGOS LABORALES - Helifrusa\" \/>\n<meta property=\"og:description\" content=\"La Direcci\u00f3n de HELIFRUSA, S.A. establece la siguiente Pol\u00edtica, que estar\u00e1 disponible y se mantendr\u00e1 como informaci\u00f3n documentada; comunic\u00e1ndose, entendi\u00e9ndose y aplic\u00e1ndose dentro de la organizaci\u00f3n, y estando disponible para las partes interesadas pertinentes: &#8211; Fabricar y comercializar caracol congelado, vivo, refrigerado al natural, en caldo o en salsa de alta calidad, capaces de satisfacer [&hellip;]\" \/>\n<meta property=\"og:url\" content=\"https:\/\/helifrusa.com\/pt\/politica-de-helifrusa\/\" \/>\n<meta property=\"og:site_name\" content=\"Helifrusa\" \/>\n<meta property=\"article:modified_time\" content=\"2025-07-27T07:50:34+00:00\" \/>\n<meta name=\"twitter:card\" content=\"summary_large_image\" \/>\n<script type=\"application\/ld+json\" class=\"yoast-schema-graph\">{\"@context\":\"https:\/\/schema.org\",\"@graph\":[{\"@type\":\"WebPage\",\"@id\":\"https:\/\/helifrusa.com\/pt\/politica-de-helifrusa\/\",\"url\":\"https:\/\/helifrusa.com\/pt\/politica-de-helifrusa\/\",\"name\":\"POL\u00cdTICA DE SEGURIDAD ALIMENTARIA, CALIDAD Y PREVENCI\u00d3N DE RIESGOS LABORALES - Helifrusa\",\"isPartOf\":{\"@id\":\"https:\/\/helifrusa.com\/#website\"},\"datePublished\":\"2024-12-19T11:28:46+00:00\",\"dateModified\":\"2025-07-27T07:50:34+00:00\",\"breadcrumb\":{\"@id\":\"https:\/\/helifrusa.com\/pt\/politica-de-helifrusa\/#breadcrumb\"},\"inLanguage\":\"pt\",\"potentialAction\":[{\"@type\":\"ReadAction\",\"target\":[\"https:\/\/helifrusa.com\/pt\/politica-de-helifrusa\/\"]}]},{\"@type\":\"BreadcrumbList\",\"@id\":\"https:\/\/helifrusa.com\/pt\/politica-de-helifrusa\/#breadcrumb\",\"itemListElement\":[{\"@type\":\"ListItem\",\"position\":1,\"name\":\"Home\",\"item\":\"https:\/\/helifrusa.com\/pt\/\"},{\"@type\":\"ListItem\",\"position\":2,\"name\":\"POL\u00cdTICA DE SEGURIDAD ALIMENTARIA, CALIDAD Y PREVENCI\u00d3N DE RIESGOS LABORALES\"}]},{\"@type\":\"WebSite\",\"@id\":\"https:\/\/helifrusa.com\/#website\",\"url\":\"https:\/\/helifrusa.com\/\",\"name\":\"Helifrusa\",\"description\":\"\",\"potentialAction\":[{\"@type\":\"SearchAction\",\"target\":{\"@type\":\"EntryPoint\",\"urlTemplate\":\"https:\/\/helifrusa.com\/?s={search_term_string}\"},\"query-input\":{\"@type\":\"PropertyValueSpecification\",\"valueRequired\":true,\"valueName\":\"search_term_string\"}}],\"inLanguage\":\"pt\"}]}<\/script>\n<!-- \/ Yoast SEO plugin. -->","yoast_head_json":{"title":"POL\u00cdTICA DE SEGURIDAD ALIMENTARIA, CALIDAD Y PREVENCI\u00d3N DE RIESGOS LABORALES - Helifrusa","robots":{"index":"index","follow":"follow","max-snippet":"max-snippet:-1","max-image-preview":"max-image-preview:large","max-video-preview":"max-video-preview:-1"},"canonical":"https:\/\/helifrusa.com\/pt\/politica-de-helifrusa\/","og_locale":"pt_PT","og_type":"article","og_title":"POL\u00cdTICA DE SEGURIDAD ALIMENTARIA, CALIDAD Y PREVENCI\u00d3N DE RIESGOS LABORALES - Helifrusa","og_description":"La Direcci\u00f3n de HELIFRUSA, S.A. establece la siguiente Pol\u00edtica, que estar\u00e1 disponible y se mantendr\u00e1 como informaci\u00f3n documentada; comunic\u00e1ndose, entendi\u00e9ndose y aplic\u00e1ndose dentro de la organizaci\u00f3n, y estando disponible para las partes interesadas pertinentes: &#8211; Fabricar y comercializar caracol congelado, vivo, refrigerado al natural, en caldo o en salsa de alta calidad, capaces de satisfacer [&hellip;]","og_url":"https:\/\/helifrusa.com\/pt\/politica-de-helifrusa\/","og_site_name":"Helifrusa","article_modified_time":"2025-07-27T07:50:34+00:00","twitter_card":"summary_large_image","schema":{"@context":"https:\/\/schema.org","@graph":[{"@type":"WebPage","@id":"https:\/\/helifrusa.com\/pt\/politica-de-helifrusa\/","url":"https:\/\/helifrusa.com\/pt\/politica-de-helifrusa\/","name":"POL\u00cdTICA DE SEGURIDAD ALIMENTARIA, CALIDAD Y PREVENCI\u00d3N DE RIESGOS LABORALES - Helifrusa","isPartOf":{"@id":"https:\/\/helifrusa.com\/#website"},"datePublished":"2024-12-19T11:28:46+00:00","dateModified":"2025-07-27T07:50:34+00:00","breadcrumb":{"@id":"https:\/\/helifrusa.com\/pt\/politica-de-helifrusa\/#breadcrumb"},"inLanguage":"pt","potentialAction":[{"@type":"ReadAction","target":["https:\/\/helifrusa.com\/pt\/politica-de-helifrusa\/"]}]},{"@type":"BreadcrumbList","@id":"https:\/\/helifrusa.com\/pt\/politica-de-helifrusa\/#breadcrumb","itemListElement":[{"@type":"ListItem","position":1,"name":"Home","item":"https:\/\/helifrusa.com\/pt\/"},{"@type":"ListItem","position":2,"name":"POL\u00cdTICA DE SEGURIDAD ALIMENTARIA, CALIDAD Y PREVENCI\u00d3N DE RIESGOS LABORALES"}]},{"@type":"WebSite","@id":"https:\/\/helifrusa.com\/#website","url":"https:\/\/helifrusa.com\/","name":"Helifrusa","description":"","potentialAction":[{"@type":"SearchAction","target":{"@type":"EntryPoint","urlTemplate":"https:\/\/helifrusa.com\/?s={search_term_string}"},"query-input":{"@type":"PropertyValueSpecification","valueRequired":true,"valueName":"search_term_string"}}],"inLanguage":"pt"}]}},"_links":{"self":[{"href":"https:\/\/helifrusa.com\/pt\/wp-json\/wp\/v2\/pages\/542"}],"collection":[{"href":"https:\/\/helifrusa.com\/pt\/wp-json\/wp\/v2\/pages"}],"about":[{"href":"https:\/\/helifrusa.com\/pt\/wp-json\/wp\/v2\/types\/page"}],"author":[{"embeddable":true,"href":"https:\/\/helifrusa.com\/pt\/wp-json\/wp\/v2\/users\/1"}],"replies":[{"embeddable":true,"href":"https:\/\/helifrusa.com\/pt\/wp-json\/wp\/v2\/comments?post=542"}],"version-history":[{"count":2,"href":"https:\/\/helifrusa.com\/pt\/wp-json\/wp\/v2\/pages\/542\/revisions"}],"predecessor-version":[{"id":644,"href":"https:\/\/helifrusa.com\/pt\/wp-json\/wp\/v2\/pages\/542\/revisions\/644"}],"wp:attachment":[{"href":"https:\/\/helifrusa.com\/pt\/wp-json\/wp\/v2\/media?parent=542"}],"curies":[{"name":"wp","href":"https:\/\/api.w.org\/{rel}","templated":true}]}}